{"id":1334,"date":"2015-07-29T04:47:45","date_gmt":"2015-07-29T04:47:45","guid":{"rendered":"http:\/\/julianaradeff.com\/?page_id=1334"},"modified":"2016-04-20T14:23:54","modified_gmt":"2016-04-20T14:23:54","slug":"blog","status":"publish","type":"page","link":"https:\/\/julianaradeff.com\/en\/blog\/","title":{"rendered":"Blog"},"content":{"rendered":"<section class=\"wpb-content-wrapper\"><p>[vc_row][vc_column]\t\t\n\t\t\n\t\t<div class=\"blog row classic-view post-types\">\n\t\t\n\t\t\t<div class=\"col-sm-8 blog-content\">\n\t\t\t\n\t\t\t\t<div class=\"blog-posts\">\n\t\t\t\t\t\n<div class=\"post format-image\">\n\n\t<div class=\"date-wrapper\">\n\t\t<div class=\"date\">\n\t\t\t<span class=\"day\">23<\/span> \n\t\t\t<span class=\"month\">Jan<\/span> \n\t\t<\/div>\n\t<\/div>\n\t\n\t<div class=\"format-wrapper\"> \n\t\t<i class=\"icon-camera-1\"><\/i> \n\t<\/div>\n\t\n\t\n\t<figure class=\"main\">\n\t\t<a href=\"https:\/\/julianaradeff.com\/en\/plantilla-corporativa\/\">\n\t\t\t<div class=\"text-overlay\">\n\t\t\t\t<div class=\"info\"><span>Leer m\u00e1s<\/span><\/div>\n\t\t\t<\/div>\n\t\t\t<img loading=\"lazy\" decoding=\"async\" width=\"1024\" height=\"576\" src=\"https:\/\/julianaradeff.com\/wp-content\/uploads\/2024\/01\/articulo_plantillas1-1024x576.jpg\" class=\"attachment-large size-large wp-post-image\" alt=\"plantilla corporativa\" srcset=\"https:\/\/julianaradeff.com\/wp-content\/uploads\/2024\/01\/articulo_plantillas1-1024x576.jpg 1024w, https:\/\/julianaradeff.com\/wp-content\/uploads\/2024\/01\/articulo_plantillas1-300x169.jpg 300w, https:\/\/julianaradeff.com\/wp-content\/uploads\/2024\/01\/articulo_plantillas1-768x432.jpg 768w, https:\/\/julianaradeff.com\/wp-content\/uploads\/2024\/01\/articulo_plantillas1-440x248.jpg 440w, https:\/\/julianaradeff.com\/wp-content\/uploads\/2024\/01\/articulo_plantillas1.jpg 1104w\" sizes=\"auto, (max-width: 1024px) 100vw, 1024px\" \/>\t\t<\/a>\n\t<\/figure>\n\n<h2 class=\"post-title\"><a href=\"https:\/\/julianaradeff.com\/en\/plantilla-corporativa\/\">Ahorra tiempo con una plantilla corporativa<\/a><\/h2><div class=\"meta\">\n\n\t<span class=\"date\">\n\t\t23 January, 2024\t<\/span>\n\t\n\t\t\t<span class=\"category\">\n\t\t\t<a href=\"https:\/\/julianaradeff.com\/en\/category\/communication\/\" rel=\"category tag\">Communication<\/a>, <a href=\"https:\/\/julianaradeff.com\/en\/category\/graphic-design-en\/\" rel=\"category tag\">Graphic Design<\/a>\t\t<\/span>\n\t\t\n\t\n<\/div><p>D\u00e9jame ponerte en situaci\u00f3n: Tienes un equipo de trabajo. Cada uno de ellos hace la presentaci\u00f3n \u201ca su manera\u201d\u2026 creyendo que con s\u00f3lo usar...<\/p>\n\t\n\t<a href=\"https:\/\/julianaradeff.com\/en\/plantilla-corporativa\/\" class=\"more\">Continue Reading<\/a> \n\n<\/div>\n\n<hr \/>\n<div class=\"post format-image\">\n\n\t<div class=\"date-wrapper\">\n\t\t<div class=\"date\">\n\t\t\t<span class=\"day\">23<\/span> \n\t\t\t<span class=\"month\">Dec<\/span> \n\t\t<\/div>\n\t<\/div>\n\t\n\t<div class=\"format-wrapper\"> \n\t\t<i class=\"icon-camera-1\"><\/i> \n\t<\/div>\n\t\n\t\n\t<figure class=\"main\">\n\t\t<a href=\"https:\/\/julianaradeff.com\/en\/arte-cierre-presentacion\/\">\n\t\t\t<div class=\"text-overlay\">\n\t\t\t\t<div class=\"info\"><span>Leer m\u00e1s<\/span><\/div>\n\t\t\t<\/div>\n\t\t\t<img loading=\"lazy\" decoding=\"async\" width=\"1024\" height=\"576\" src=\"https:\/\/julianaradeff.com\/wp-content\/uploads\/2024\/01\/articulo_final_presentacion1-1024x576.jpg\" class=\"attachment-large size-large wp-post-image\" alt=\"arte cierre presentacion\" srcset=\"https:\/\/julianaradeff.com\/wp-content\/uploads\/2024\/01\/articulo_final_presentacion1-1024x576.jpg 1024w, https:\/\/julianaradeff.com\/wp-content\/uploads\/2024\/01\/articulo_final_presentacion1-300x169.jpg 300w, https:\/\/julianaradeff.com\/wp-content\/uploads\/2024\/01\/articulo_final_presentacion1-768x432.jpg 768w, https:\/\/julianaradeff.com\/wp-content\/uploads\/2024\/01\/articulo_final_presentacion1-440x248.jpg 440w, https:\/\/julianaradeff.com\/wp-content\/uploads\/2024\/01\/articulo_final_presentacion1.jpg 1104w\" sizes=\"auto, (max-width: 1024px) 100vw, 1024px\" \/>\t\t<\/a>\n\t<\/figure>\n\n<h2 class=\"post-title\"><a href=\"https:\/\/julianaradeff.com\/en\/arte-cierre-presentacion\/\">El &#8216;arte&#8217; del cierre en una presentaci\u00f3n<\/a><\/h2><div class=\"meta\">\n\n\t<span class=\"date\">\n\t\t23 December, 2023\t<\/span>\n\t\n\t\t\t<span class=\"category\">\n\t\t\t<a href=\"https:\/\/julianaradeff.com\/en\/category\/communication\/\" rel=\"category tag\">Communication<\/a>, <a href=\"https:\/\/julianaradeff.com\/en\/category\/graphic-design-en\/\" rel=\"category tag\">Graphic Design<\/a>\t\t<\/span>\n\t\t\n\t\n<\/div><p>Hace unos d\u00edas hice esta encuesta en LinkedIn: &#8220;\u00bfC\u00f3mo finalizas tu presentaci\u00f3n?&#8221; &nbsp; Como promet\u00ed en el post, aqu\u00ed est\u00e1n los resultados de la...<\/p>\n\t\n\t<a href=\"https:\/\/julianaradeff.com\/en\/arte-cierre-presentacion\/\" class=\"more\">Continue Reading<\/a> \n\n<\/div>\n\n<hr \/>\n<div class=\"post format-image\">\n\n\t<div class=\"date-wrapper\">\n\t\t<div class=\"date\">\n\t\t\t<span class=\"day\">23<\/span> \n\t\t\t<span class=\"month\">Oct<\/span> \n\t\t<\/div>\n\t<\/div>\n\t\n\t<div class=\"format-wrapper\"> \n\t\t<i class=\"icon-camera-1\"><\/i> \n\t<\/div>\n\t\n\t\n\t<figure class=\"main\">\n\t\t<a href=\"https:\/\/julianaradeff.com\/en\/las-presentaciones-digitales-no-tienen-por-que-ser-aburridas\/\">\n\t\t\t<div class=\"text-overlay\">\n\t\t\t\t<div class=\"info\"><span>Leer m\u00e1s<\/span><\/div>\n\t\t\t<\/div>\n\t\t\t<img loading=\"lazy\" decoding=\"async\" width=\"1000\" height=\"667\" src=\"https:\/\/julianaradeff.com\/wp-content\/uploads\/2023\/01\/presentaciones_digitales.jpg\" class=\"attachment-large size-large wp-post-image\" alt=\"presentacion PowerPoint\" srcset=\"https:\/\/julianaradeff.com\/wp-content\/uploads\/2023\/01\/presentaciones_digitales.jpg 1000w, https:\/\/julianaradeff.com\/wp-content\/uploads\/2023\/01\/presentaciones_digitales-300x200.jpg 300w, https:\/\/julianaradeff.com\/wp-content\/uploads\/2023\/01\/presentaciones_digitales-768x512.jpg 768w, https:\/\/julianaradeff.com\/wp-content\/uploads\/2023\/01\/presentaciones_digitales-440x293.jpg 440w\" sizes=\"auto, (max-width: 1000px) 100vw, 1000px\" \/>\t\t<\/a>\n\t<\/figure>\n\n<h2 class=\"post-title\"><a href=\"https:\/\/julianaradeff.com\/en\/las-presentaciones-digitales-no-tienen-por-que-ser-aburridas\/\">Las presentaciones digitales no tienen por qu\u00e9 ser aburridas<\/a><\/h2><div class=\"meta\">\n\n\t<span class=\"date\">\n\t\t23 October, 2023\t<\/span>\n\t\n\t\t\t<span class=\"category\">\n\t\t\t<a href=\"https:\/\/julianaradeff.com\/en\/category\/communication\/\" rel=\"category tag\">Communication<\/a>, <a href=\"https:\/\/julianaradeff.com\/en\/category\/graphic-design-en\/\" rel=\"category tag\">Graphic Design<\/a>\t\t<\/span>\n\t\t\n\t\n<\/div><p>Cuando una presentaci\u00f3n se planifica y se dise\u00f1a siguiendo unos pasos b\u00e1sicos, puede ser una herramienta de comunicaci\u00f3n muy poderosa y persuasiva. S\u00e9 que...<\/p>\n\t\n\t<a href=\"https:\/\/julianaradeff.com\/en\/las-presentaciones-digitales-no-tienen-por-que-ser-aburridas\/\" class=\"more\">Continue Reading<\/a> \n\n<\/div>\n\n<hr \/>\n<div class=\"post format-image\">\n\n\t<div class=\"date-wrapper\">\n\t\t<div class=\"date\">\n\t\t\t<span class=\"day\">15<\/span> \n\t\t\t<span class=\"month\">Sep<\/span> \n\t\t<\/div>\n\t<\/div>\n\t\n\t<div class=\"format-wrapper\"> \n\t\t<i class=\"icon-camera-1\"><\/i> \n\t<\/div>\n\t\n\t\n\t<figure class=\"main\">\n\t\t<a href=\"https:\/\/julianaradeff.com\/en\/5-claves-presentacion-exitosa\/\">\n\t\t\t<div class=\"text-overlay\">\n\t\t\t\t<div class=\"info\"><span>Leer m\u00e1s<\/span><\/div>\n\t\t\t<\/div>\n\t\t\t<img loading=\"lazy\" decoding=\"async\" width=\"1000\" height=\"667\" src=\"https:\/\/julianaradeff.com\/wp-content\/uploads\/2020\/09\/presentacion_exitosa.jpg\" class=\"attachment-large size-large wp-post-image\" alt=\"\" srcset=\"https:\/\/julianaradeff.com\/wp-content\/uploads\/2020\/09\/presentacion_exitosa.jpg 1000w, https:\/\/julianaradeff.com\/wp-content\/uploads\/2020\/09\/presentacion_exitosa-300x200.jpg 300w, https:\/\/julianaradeff.com\/wp-content\/uploads\/2020\/09\/presentacion_exitosa-768x512.jpg 768w, https:\/\/julianaradeff.com\/wp-content\/uploads\/2020\/09\/presentacion_exitosa-440x293.jpg 440w\" sizes=\"auto, (max-width: 1000px) 100vw, 1000px\" \/>\t\t<\/a>\n\t<\/figure>\n\n<h2 class=\"post-title\"><a href=\"https:\/\/julianaradeff.com\/en\/5-claves-presentacion-exitosa\/\">5 claves para una presentaci\u00f3n exitosa<\/a><\/h2><div class=\"meta\">\n\n\t<span class=\"date\">\n\t\t15 September, 2020\t<\/span>\n\t\n\t\t\t<span class=\"category\">\n\t\t\t<a href=\"https:\/\/julianaradeff.com\/en\/category\/communication\/\" rel=\"category tag\">Communication<\/a>, <a href=\"https:\/\/julianaradeff.com\/en\/category\/digital-presentation\/\" rel=\"category tag\">Digital Presentation<\/a>, <a href=\"https:\/\/julianaradeff.com\/en\/category\/graphic-design-en\/\" rel=\"category tag\">Graphic Design<\/a>\t\t<\/span>\n\t\t\n\t\n<\/div><p>Las presentaciones digitales son muy poderosas. Pueden generar confianza, ayudar a conectar con tu audiencia...<\/p>\n\t\n\t<a href=\"https:\/\/julianaradeff.com\/en\/5-claves-presentacion-exitosa\/\" class=\"more\">Continue Reading<\/a> \n\n<\/div>\n\n<hr \/>\t\t\t\t<\/div>\n\t\t\t\t\n\t\t\t\t\t\t\t\t\n\t\t\t<\/div>\n\t\t\t\n\t\t\t<aside class=\"col-sm-4 sidebar\">\n\t\t\t\t<div id=\"categories-2\" class=\"sidebox widget widget_categories\"><h3 class=\"widget-title\">Categor\u00edas<\/h3>\n\t\t\t<ul>\n\t\t\t\t\t<li class=\"cat-item cat-item-125\"><a href=\"https:\/\/julianaradeff.com\/en\/category\/branding-en\/\">Branding<\/a>\n<\/li>\n\t<li class=\"cat-item cat-item-108\"><a href=\"https:\/\/julianaradeff.com\/en\/category\/communication\/\">Communication<\/a>\n<\/li>\n\t<li class=\"cat-item cat-item-145\"><a href=\"https:\/\/julianaradeff.com\/en\/category\/digital-presentation\/\">Digital Presentation<\/a>\n<\/li>\n\t<li class=\"cat-item cat-item-109\"><a href=\"https:\/\/julianaradeff.com\/en\/category\/graphic-design-en\/\">Graphic Design<\/a>\n<\/li>\n\t<li class=\"cat-item cat-item-115\"><a href=\"https:\/\/julianaradeff.com\/en\/category\/journal-en\/\">Journal<\/a>\n<\/li>\n\t<li class=\"cat-item cat-item-114\"><a href=\"https:\/\/julianaradeff.com\/en\/category\/photography\/\">Photography<\/a>\n<\/li>\n\t<li class=\"cat-item cat-item-122\"><a href=\"https:\/\/julianaradeff.com\/en\/category\/time-management\/\">Time Management<\/a>\n<\/li>\n\t<li class=\"cat-item cat-item-126\"><a href=\"https:\/\/julianaradeff.com\/en\/category\/tipografia-en\/\">Tipograf\u00eda<\/a>\n<\/li>\n\t\t\t<\/ul>\n\n\t\t\t<\/div><div id=\"tag_cloud-2\" class=\"sidebox widget widget_tag_cloud\"><h3 class=\"widget-title\">Tags<\/h3><div class=\"tagcloud\"><a href=\"https:\/\/julianaradeff.com\/en\/tag\/brand\/\" class=\"tag-cloud-link tag-link-105 tag-link-position-1\" style=\"font-size: 8pt;\" aria-label=\"brand (1 item)\">brand<\/a>\n<a href=\"https:\/\/julianaradeff.com\/en\/tag\/branding-en\/\" class=\"tag-cloud-link tag-link-107 tag-link-position-2\" style=\"font-size: 22pt;\" aria-label=\"branding (5 items)\">branding<\/a>\n<a href=\"https:\/\/julianaradeff.com\/en\/tag\/branding-en-2\/\" class=\"tag-cloud-link tag-link-127 tag-link-position-3\" style=\"font-size: 16.75pt;\" aria-label=\"branding (3 items)\">branding<\/a>\n<a href=\"https:\/\/julianaradeff.com\/en\/tag\/color-en\/\" class=\"tag-cloud-link tag-link-128 tag-link-position-4\" style=\"font-size: 13.25pt;\" aria-label=\"color (2 items)\">color<\/a>\n<a href=\"https:\/\/julianaradeff.com\/en\/tag\/colour\/\" class=\"tag-cloud-link tag-link-103 tag-link-position-5\" style=\"font-size: 8pt;\" aria-label=\"colour (1 item)\">colour<\/a>\n<a href=\"https:\/\/julianaradeff.com\/en\/tag\/corporate-identity\/\" class=\"tag-cloud-link tag-link-104 tag-link-position-6\" style=\"font-size: 8pt;\" aria-label=\"corporate identity (1 item)\">corporate identity<\/a>\n<a href=\"https:\/\/julianaradeff.com\/en\/tag\/graphic-design\/\" class=\"tag-cloud-link tag-link-123 tag-link-position-7\" style=\"font-size: 8pt;\" aria-label=\"graphic design (1 item)\">graphic design<\/a>\n<a href=\"https:\/\/julianaradeff.com\/en\/tag\/identidad-corporativa-en\/\" class=\"tag-cloud-link tag-link-129 tag-link-position-8\" style=\"font-size: 13.25pt;\" aria-label=\"identidad corporativa (2 items)\">identidad corporativa<\/a>\n<a href=\"https:\/\/julianaradeff.com\/en\/tag\/illustration\/\" class=\"tag-cloud-link tag-link-136 tag-link-position-9\" style=\"font-size: 13.25pt;\" aria-label=\"illustration (2 items)\">illustration<\/a>\n<a href=\"https:\/\/julianaradeff.com\/en\/tag\/image\/\" class=\"tag-cloud-link tag-link-135 tag-link-position-10\" style=\"font-size: 13.25pt;\" aria-label=\"image (2 items)\">image<\/a>\n<a href=\"https:\/\/julianaradeff.com\/en\/tag\/marca-en\/\" class=\"tag-cloud-link tag-link-130 tag-link-position-11\" style=\"font-size: 13.25pt;\" aria-label=\"marca (2 items)\">marca<\/a>\n<a href=\"https:\/\/julianaradeff.com\/en\/tag\/photography\/\" class=\"tag-cloud-link tag-link-134 tag-link-position-12\" style=\"font-size: 13.25pt;\" aria-label=\"photography (2 items)\">photography<\/a>\n<a href=\"https:\/\/julianaradeff.com\/en\/tag\/tipografia-en\/\" class=\"tag-cloud-link tag-link-131 tag-link-position-13\" style=\"font-size: 13.25pt;\" aria-label=\"tipograf\u00eda (2 items)\">tipograf\u00eda<\/a>\n<a href=\"https:\/\/julianaradeff.com\/en\/tag\/typography\/\" class=\"tag-cloud-link tag-link-106 tag-link-position-14\" style=\"font-size: 8pt;\" aria-label=\"typography (1 item)\">typography<\/a><\/div>\n<\/div> \n\t\t\t<\/aside>\n\t\t\n\t\t<\/div>\n\t\t\n\t\t\t\t\n[\/vc_column][\/vc_row]<\/p>\n<\/section>","protected":false},"excerpt":{"rendered":"<p>[vc_row][vc_column][\/vc_column][\/vc_row]<\/p>\n","protected":false},"author":1,"featured_media":0,"parent":0,"menu_order":0,"comment_status":"open","ping_status":"closed","template":"","meta":{"om_disable_all_campaigns":false,"_monsterinsights_skip_tracking":false,"_monsterinsights_sitenote_active":false,"_monsterinsights_sitenote_note":"","_monsterinsights_sitenote_category":0,"_uf_show_specific_survey":0,"_uf_disable_surveys":false,"footnotes":""},"class_list":["post-1334","page","type-page","status-publish","hentry"],"aioseo_notices":[],"yoast_head":"<!-- This site is optimized with the Yoast SEO plugin v26.9 - https:\/\/yoast.com\/product\/yoast-seo-wordpress\/ -->\n<title>Juliana Radeff . Graphic Designer | Graphic Design Blog<\/title>\n<meta name=\"description\" content=\"Blog about graphic design and creativity. A place where you&#039;ll find news about design, tips and experiences from my day to day.\" \/>\n<meta name=\"robots\" content=\"index, follow, max-snippet:-1, max-image-preview:large, max-video-preview:-1\" \/>\n<link rel=\"canonical\" href=\"https:\/\/julianaradeff.com\/en\/blog\/\" \/>\n<meta property=\"og:locale\" content=\"en_US\" \/>\n<meta property=\"og:type\" content=\"article\" \/>\n<meta property=\"og:title\" content=\"Juliana Radeff . Graphic Designer | Graphic Design Blog\" \/>\n<meta property=\"og:description\" content=\"Blog about graphic design and creativity. A place where you&#039;ll find news about design, tips and experiences from my day to day.\" \/>\n<meta property=\"og:url\" content=\"https:\/\/julianaradeff.com\/en\/blog\/\" \/>\n<meta property=\"og:site_name\" content=\"Presentation Design Juliana Radeff\" \/>\n<meta property=\"article:publisher\" content=\"https:\/\/www.linkedin.com\/in\/julianaradeff\/\" \/>\n<meta property=\"article:modified_time\" content=\"2016-04-20T14:23:54+00:00\" \/>\n<meta property=\"og:image\" content=\"https:\/\/julianaradeff.com\/wp-content\/uploads\/2023\/11\/video_presentationDesign.jpg\" \/>\n\t<meta property=\"og:image:width\" content=\"2302\" \/>\n\t<meta property=\"og:image:height\" content=\"1422\" \/>\n\t<meta property=\"og:image:type\" content=\"image\/jpeg\" \/>\n<meta name=\"twitter:card\" content=\"summary_large_image\" \/>\n<script type=\"application\/ld+json\" class=\"yoast-schema-graph\">{\"@context\":\"https:\/\/schema.org\",\"@graph\":[{\"@type\":\"WebPage\",\"@id\":\"https:\/\/julianaradeff.com\/en\/blog\/\",\"url\":\"https:\/\/julianaradeff.com\/en\/blog\/\",\"name\":\"Juliana Radeff . Graphic Designer | Graphic Design Blog\",\"isPartOf\":{\"@id\":\"https:\/\/julianaradeff.com\/#website\"},\"datePublished\":\"2015-07-29T04:47:45+00:00\",\"dateModified\":\"2016-04-20T14:23:54+00:00\",\"description\":\"Blog about graphic design and creativity. A place where you'll find news about design, tips and experiences from my day to day.\",\"breadcrumb\":{\"@id\":\"https:\/\/julianaradeff.com\/en\/blog\/#breadcrumb\"},\"inLanguage\":\"en-US\",\"potentialAction\":[{\"@type\":\"ReadAction\",\"target\":[\"https:\/\/julianaradeff.com\/en\/blog\/\"]}]},{\"@type\":\"BreadcrumbList\",\"@id\":\"https:\/\/julianaradeff.com\/en\/blog\/#breadcrumb\",\"itemListElement\":[{\"@type\":\"ListItem\",\"position\":1,\"name\":\"Portada\",\"item\":\"https:\/\/julianaradeff.com\/en\/\"},{\"@type\":\"ListItem\",\"position\":2,\"name\":\"Blog\"}]},{\"@type\":\"WebSite\",\"@id\":\"https:\/\/julianaradeff.com\/#website\",\"url\":\"https:\/\/julianaradeff.com\/\",\"name\":\"Presentation Design Juliana Radeff\",\"description\":\"Presentation Designer\",\"publisher\":{\"@id\":\"https:\/\/julianaradeff.com\/#organization\"},\"alternateName\":\"Juliana Radeff Presentation Designer\",\"potentialAction\":[{\"@type\":\"SearchAction\",\"target\":{\"@type\":\"EntryPoint\",\"urlTemplate\":\"https:\/\/julianaradeff.com\/?s={search_term_string}\"},\"query-input\":{\"@type\":\"PropertyValueSpecification\",\"valueRequired\":true,\"valueName\":\"search_term_string\"}}],\"inLanguage\":\"en-US\"},{\"@type\":\"Organization\",\"@id\":\"https:\/\/julianaradeff.com\/#organization\",\"name\":\"Juliana Radeff . Creative Design\",\"url\":\"https:\/\/julianaradeff.com\/\",\"logo\":{\"@type\":\"ImageObject\",\"inLanguage\":\"en-US\",\"@id\":\"https:\/\/julianaradeff.com\/#\/schema\/logo\/image\/\",\"url\":\"https:\/\/julianaradeff.com\/wp-content\/uploads\/2023\/11\/video_presentationDesign.jpg\",\"contentUrl\":\"https:\/\/julianaradeff.com\/wp-content\/uploads\/2023\/11\/video_presentationDesign.jpg\",\"width\":2302,\"height\":1422,\"caption\":\"Juliana Radeff . Creative Design\"},\"image\":{\"@id\":\"https:\/\/julianaradeff.com\/#\/schema\/logo\/image\/\"},\"sameAs\":[\"https:\/\/www.linkedin.com\/in\/julianaradeff\/\"]}]}<\/script>\n<!-- \/ Yoast SEO plugin. -->","yoast_head_json":{"title":"Juliana Radeff . Graphic Designer | Graphic Design Blog","description":"Blog about graphic design and creativity. A place where you'll find news about design, tips and experiences from my day to day.","robots":{"index":"index","follow":"follow","max-snippet":"max-snippet:-1","max-image-preview":"max-image-preview:large","max-video-preview":"max-video-preview:-1"},"canonical":"https:\/\/julianaradeff.com\/en\/blog\/","og_locale":"en_US","og_type":"article","og_title":"Juliana Radeff . Graphic Designer | Graphic Design Blog","og_description":"Blog about graphic design and creativity. A place where you'll find news about design, tips and experiences from my day to day.","og_url":"https:\/\/julianaradeff.com\/en\/blog\/","og_site_name":"Presentation Design Juliana Radeff","article_publisher":"https:\/\/www.linkedin.com\/in\/julianaradeff\/","article_modified_time":"2016-04-20T14:23:54+00:00","og_image":[{"width":2302,"height":1422,"url":"https:\/\/julianaradeff.com\/wp-content\/uploads\/2023\/11\/video_presentationDesign.jpg","type":"image\/jpeg"}],"twitter_card":"summary_large_image","schema":{"@context":"https:\/\/schema.org","@graph":[{"@type":"WebPage","@id":"https:\/\/julianaradeff.com\/en\/blog\/","url":"https:\/\/julianaradeff.com\/en\/blog\/","name":"Juliana Radeff . Graphic Designer | Graphic Design Blog","isPartOf":{"@id":"https:\/\/julianaradeff.com\/#website"},"datePublished":"2015-07-29T04:47:45+00:00","dateModified":"2016-04-20T14:23:54+00:00","description":"Blog about graphic design and creativity. A place where you'll find news about design, tips and experiences from my day to day.","breadcrumb":{"@id":"https:\/\/julianaradeff.com\/en\/blog\/#breadcrumb"},"inLanguage":"en-US","potentialAction":[{"@type":"ReadAction","target":["https:\/\/julianaradeff.com\/en\/blog\/"]}]},{"@type":"BreadcrumbList","@id":"https:\/\/julianaradeff.com\/en\/blog\/#breadcrumb","itemListElement":[{"@type":"ListItem","position":1,"name":"Portada","item":"https:\/\/julianaradeff.com\/en\/"},{"@type":"ListItem","position":2,"name":"Blog"}]},{"@type":"WebSite","@id":"https:\/\/julianaradeff.com\/#website","url":"https:\/\/julianaradeff.com\/","name":"Presentation Design Juliana Radeff","description":"Presentation Designer","publisher":{"@id":"https:\/\/julianaradeff.com\/#organization"},"alternateName":"Juliana Radeff Presentation Designer","potentialAction":[{"@type":"SearchAction","target":{"@type":"EntryPoint","urlTemplate":"https:\/\/julianaradeff.com\/?s={search_term_string}"},"query-input":{"@type":"PropertyValueSpecification","valueRequired":true,"valueName":"search_term_string"}}],"inLanguage":"en-US"},{"@type":"Organization","@id":"https:\/\/julianaradeff.com\/#organization","name":"Juliana Radeff . Creative Design","url":"https:\/\/julianaradeff.com\/","logo":{"@type":"ImageObject","inLanguage":"en-US","@id":"https:\/\/julianaradeff.com\/#\/schema\/logo\/image\/","url":"https:\/\/julianaradeff.com\/wp-content\/uploads\/2023\/11\/video_presentationDesign.jpg","contentUrl":"https:\/\/julianaradeff.com\/wp-content\/uploads\/2023\/11\/video_presentationDesign.jpg","width":2302,"height":1422,"caption":"Juliana Radeff . Creative Design"},"image":{"@id":"https:\/\/julianaradeff.com\/#\/schema\/logo\/image\/"},"sameAs":["https:\/\/www.linkedin.com\/in\/julianaradeff\/"]}]}},"_links":{"self":[{"href":"https:\/\/julianaradeff.com\/en\/wp-json\/wp\/v2\/pages\/1334","targetHints":{"allow":["GET"]}}],"collection":[{"href":"https:\/\/julianaradeff.com\/en\/wp-json\/wp\/v2\/pages"}],"about":[{"href":"https:\/\/julianaradeff.com\/en\/wp-json\/wp\/v2\/types\/page"}],"author":[{"embeddable":true,"href":"https:\/\/julianaradeff.com\/en\/wp-json\/wp\/v2\/users\/1"}],"replies":[{"embeddable":true,"href":"https:\/\/julianaradeff.com\/en\/wp-json\/wp\/v2\/comments?post=1334"}],"version-history":[{"count":4,"href":"https:\/\/julianaradeff.com\/en\/wp-json\/wp\/v2\/pages\/1334\/revisions"}],"predecessor-version":[{"id":2354,"href":"https:\/\/julianaradeff.com\/en\/wp-json\/wp\/v2\/pages\/1334\/revisions\/2354"}],"wp:attachment":[{"href":"https:\/\/julianaradeff.com\/en\/wp-json\/wp\/v2\/media?parent=1334"}],"curies":[{"name":"wp","href":"https:\/\/api.w.org\/{rel}","templated":true}]}}